{"id":89,"date":"2023-02-13T07:16:09","date_gmt":"2023-02-13T07:16:09","guid":{"rendered":"https:\/\/themegenix.net\/reland\/?page_id=89"},"modified":"2023-06-13T17:21:26","modified_gmt":"2023-06-13T14:21:26","slug":"our-services","status":"publish","type":"page","link":"https:\/\/alkapen.pikselweb.com.tr\/?page_id=89","title":{"rendered":"Faaliyet Alanlar\u0131"},"content":{"rendered":"\t\t<div data-elementor-type=\"wp-page\" data-elementor-id=\"89\" class=\"elementor elementor-89\" data-elementor-post-type=\"page\">\n\t\t\t\t\t\t\t\t\t<section class=\"elementor-section elementor-top-section elementor-element elementor-element-1541946 elementor-section-full_width elementor-section-height-default elementor-section-height-default\" data-id=\"1541946\" data-element_type=\"section\">\n\t\t\t\t\t\t<div class=\"elementor-container elementor-column-gap-no\">\n\t\t\t\t\t<div class=\"elementor-column elementor-col-100 elementor-top-column elementor-element elementor-element-7e1eafb\" data-id=\"7e1eafb\" data-element_type=\"column\">\n\t\t\t<div class=\"elementor-widget-wrap elementor-element-populated\">\n\t\t\t\t\t\t\t\t<div class=\"elementor-element elementor-element-285ddc8 elementor-widget elementor-widget-features\" data-id=\"285ddc8\" data-element_type=\"widget\" data-widget_type=\"features.default\">\n\t\t\t\t<div class=\"elementor-widget-container\">\n\t\t\t\r\n            <!-- features-area -->\r\n            <section class=\"features-area\">\r\n                <div class=\"container\">\r\n                    <div class=\"row justify-content-center\">\r\n                                                <div class=\"col-lg-4 col-md-6 col-sm-10\">\r\n                            <div class=\"features-item \">\r\n                                                                    <div class=\"feature-icon\">\r\n                                        <i aria-hidden=\"true\" class=\"tp unicon-nominal\"><\/i>                                    <\/div>\r\n                                \r\n                                <div class=\"feature-content\">\r\n\r\n                                                                            <h2 class=\"title\">Al\u00fcminyum Giydirme Cephe Sistemleri<\/h2>\r\n                                    \r\n                                                                            <p>Binalar\u0131n d\u0131\u015f cephe y\u00fczeylerine uygulanabilen bir t\u00fcr kaplama sistemidir.<\/p>\r\n                                    \r\n                                <\/div>\r\n                            <\/div>\r\n                        <\/div>\r\n                                                <div class=\"col-lg-4 col-md-6 col-sm-10\">\r\n                            <div class=\"features-item \">\r\n                                                                    <div class=\"feature-icon\">\r\n                                        <i aria-hidden=\"true\" class=\"tp unicon-nominal\"><\/i>                                    <\/div>\r\n                                \r\n                                <div class=\"feature-content\">\r\n\r\n                                                                            <h2 class=\"title\">Yar\u0131 kapakl\u0131 giydirme cephe sistemleri<\/h2>\r\n                                    \r\n                                                                            <p>Bina y\u00fczeyinin bir k\u0131sm\u0131n\u0131 kaplayarak estetik bir g\u00f6r\u00fcn\u00fcm sa\u011flar.<\/p>\r\n                                    \r\n                                <\/div>\r\n                            <\/div>\r\n                        <\/div>\r\n                                                <div class=\"col-lg-4 col-md-6 col-sm-10\">\r\n                            <div class=\"features-item \">\r\n                                                                    <div class=\"feature-icon\">\r\n                                        <i aria-hidden=\"true\" class=\"tp unicon-nominal\"><\/i>                                    <\/div>\r\n                                \r\n                                <div class=\"feature-content\">\r\n\r\n                                                                            <h2 class=\"title\">Str\u00fckt\u00fcrel silikon giydirme cephe<\/h2>\r\n                                    \r\n                                                                            <p>Cam panellerin bina kabu\u011funa yap\u0131sal bir \u015fekilde ba\u011fland\u0131\u011f\u0131 bir cephe sistemidir.<\/p>\r\n                                    \r\n                                <\/div>\r\n                            <\/div>\r\n                        <\/div>\r\n                                            <\/div>\r\n                <\/div>\r\n            <\/section>\r\n            <!-- features-area-end -->\r\n\r\n    \t\t<\/div>\n\t\t\t\t<\/div>\n\t\t\t\t\t<\/div>\n\t\t<\/div>\n\t\t\t\t\t\t\t<\/div>\n\t\t<\/section>\n\t\t\t\t<section class=\"elementor-section elementor-top-section elementor-element elementor-element-9732edd elementor-section-full_width elementor-section-height-default elementor-section-height-default\" data-id=\"9732edd\" data-element_type=\"section\">\n\t\t\t\t\t\t<div class=\"elementor-container elementor-column-gap-no\">\n\t\t\t\t\t<div class=\"elementor-column elementor-col-100 elementor-top-column elementor-element elementor-element-a8abd6f\" data-id=\"a8abd6f\" data-element_type=\"column\">\n\t\t\t<div class=\"elementor-widget-wrap\">\n\t\t\t\t\t\t\t\t\t<\/div>\n\t\t<\/div>\n\t\t\t\t\t\t\t<\/div>\n\t\t<\/section>\n\t\t\t\t<section class=\"elementor-section elementor-top-section elementor-element elementor-element-8316bd2 elementor-section-full_width elementor-section-height-default elementor-section-height-default\" data-id=\"8316bd2\" data-element_type=\"section\" data-settings=\"{&quot;background_background&quot;:&quot;classic&quot;}\">\n\t\t\t\t\t\t<div class=\"elementor-container elementor-column-gap-no\">\n\t\t\t\t\t<div class=\"elementor-column elementor-col-100 elementor-top-column elementor-element elementor-element-3ad0d2c\" data-id=\"3ad0d2c\" data-element_type=\"column\">\n\t\t\t<div class=\"elementor-widget-wrap\">\n\t\t\t\t\t\t\t\t\t<\/div>\n\t\t<\/div>\n\t\t\t\t\t\t\t<\/div>\n\t\t<\/section>\n\t\t\t\t\t\t\t<\/div>\n\t\t","protected":false},"excerpt":{"rendered":"<p>Al\u00fcminyum Giydirme Cephe Sistemleri Binalar\u0131n d\u0131\u015f cephe y\u00fczeylerine uygulanabilen bir t\u00fcr kaplama sistemidir. Yar\u0131 kapakl\u0131 giydirme cephe sistemleri Bina y\u00fczeyinin bir k\u0131sm\u0131n\u0131 kaplayarak estetik bir g\u00f6r\u00fcn\u00fcm sa\u011flar. Str\u00fckt\u00fcrel silikon giydirme cephe Cam panellerin bina kabu\u011funa yap\u0131sal bir \u015fekilde ba\u011fland\u0131\u011f\u0131 bir cephe sistemidir.<\/p>\n","protected":false},"author":1,"featured_media":0,"parent":0,"menu_order":0,"comment_status":"closed","ping_status":"closed","template":"elementor_header_footer","meta":{"footnotes":""},"class_list":["post-89","page","type-page","status-publish","hentry"],"acf":[],"_links":{"self":[{"href":"https:\/\/alkapen.pikselweb.com.tr\/index.php?rest_route=\/wp\/v2\/pages\/89","targetHints":{"allow":["GET"]}}],"collection":[{"href":"https:\/\/alkapen.pikselweb.com.tr\/index.php?rest_route=\/wp\/v2\/pages"}],"about":[{"href":"https:\/\/alkapen.pikselweb.com.tr\/index.php?rest_route=\/wp\/v2\/types\/page"}],"author":[{"embeddable":true,"href":"https:\/\/alkapen.pikselweb.com.tr\/index.php?rest_route=\/wp\/v2\/users\/1"}],"replies":[{"embeddable":true,"href":"https:\/\/alkapen.pikselweb.com.tr\/index.php?rest_route=%2Fwp%2Fv2%2Fcomments&post=89"}],"version-history":[{"count":8,"href":"https:\/\/alkapen.pikselweb.com.tr\/index.php?rest_route=\/wp\/v2\/pages\/89\/revisions"}],"predecessor-version":[{"id":1050,"href":"https:\/\/alkapen.pikselweb.com.tr\/index.php?rest_route=\/wp\/v2\/pages\/89\/revisions\/1050"}],"wp:attachment":[{"href":"https:\/\/alkapen.pikselweb.com.tr\/index.php?rest_route=%2Fwp%2Fv2%2Fmedia&parent=89"}],"curies":[{"name":"wp","href":"https:\/\/api.w.org\/{rel}","templated":true}]}}