{"id":87,"date":"2023-02-13T07:15:53","date_gmt":"2023-02-13T07:15:53","guid":{"rendered":"https:\/\/themegenix.net\/reland\/?page_id=87"},"modified":"2023-06-13T14:57:16","modified_gmt":"2023-06-13T11:57:16","slug":"our-mission","status":"publish","type":"page","link":"https:\/\/alkapen.pikselweb.com.tr\/?page_id=87","title":{"rendered":"KVKK Ayd\u0131nlatma Metni"},"content":{"rendered":"\t\t<div data-elementor-type=\"wp-page\" data-elementor-id=\"87\" class=\"elementor elementor-87\" data-elementor-post-type=\"page\">\n\t\t\t\t\t\t\t\t\t<section class=\"elementor-section elementor-top-section elementor-element elementor-element-dfbb043 elementor-section-full_width elementor-section-height-default elementor-section-height-default\" data-id=\"dfbb043\" data-element_type=\"section\" data-settings=\"{&quot;background_background&quot;:&quot;classic&quot;}\">\n\t\t\t\t\t\t<div class=\"elementor-container elementor-column-gap-no\">\n\t\t\t\t\t<div class=\"elementor-column elementor-col-33 elementor-top-column elementor-element elementor-element-10339d0\" data-id=\"10339d0\" data-element_type=\"column\">\n\t\t\t<div class=\"elementor-widget-wrap\">\n\t\t\t\t\t\t\t\t\t<\/div>\n\t\t<\/div>\n\t\t\t\t<div class=\"elementor-column elementor-col-33 elementor-top-column elementor-element elementor-element-e1bd715\" data-id=\"e1bd715\" data-element_type=\"column\">\n\t\t\t<div class=\"elementor-widget-wrap elementor-element-populated\">\n\t\t\t\t\t\t\t\t<div class=\"elementor-element elementor-element-84ca2df elementor-widget elementor-widget-text-editor\" data-id=\"84ca2df\" data-element_type=\"widget\" data-widget_type=\"text-editor.default\">\n\t\t\t\t<div class=\"elementor-widget-container\">\n\t\t\t<style>\/*! elementor - v3.16.0 - 17-10-2023 *\/\n.elementor-widget-text-editor.elementor-drop-cap-view-stacked .elementor-drop-cap{background-color:#69727d;color:#fff}.elementor-widget-text-editor.elementor-drop-cap-view-framed .elementor-drop-cap{color:#69727d;border:3px solid;background-color:transparent}.elementor-widget-text-editor:not(.elementor-drop-cap-view-default) .elementor-drop-cap{margin-top:8px}.elementor-widget-text-editor:not(.elementor-drop-cap-view-default) .elementor-drop-cap-letter{width:1em;height:1em}.elementor-widget-text-editor .elementor-drop-cap{float:left;text-align:center;line-height:1;font-size:50px}.elementor-widget-text-editor .elementor-drop-cap-letter{display:inline-block}<\/style>\t\t\t\t<p>ALKAPEN DO\u011eRAMA \u0130N\u015eAAT SAN.T\u0130C.\u0130TH.\u0130LTD.\u015eT\u0130 olarak ki\u015fisel verilerinizin g\u00fcvenli\u011fi hususuna azami hassasiyet g\u00f6stermekteyiz. Bu bilin\u00e7le, \u015firket olarak, \u015firketimiz ile ili\u015fkili t\u00fcm \u015fah\u0131slara ait her t\u00fcrl\u00fc ki\u015fisel verilerin 6698 say\u0131l\u0131 Ki\u015fisel Verilerin Korunmas\u0131 Kanunu (\u201cKVK Kanunu\u201d)\u2019na uygun olarak i\u015flenerek, muhafaza edilmesine b\u00fcy\u00fck \u00f6nem atfetmekteyiz. Bu sorumlulu\u011fumuzun tam idraki ile KVK Kanunu kapsam\u0131nda tan\u0131ml\u0131 \u201cVeri Sorumlusu\u201d s\u0131fat\u0131yla, ki\u015fisel verilerinizi a\u015fa\u011f\u0131da izah edildi\u011fi surette ve mevzuat taraf\u0131ndan emredilen s\u0131n\u0131rlar \u00e7er\u00e7evesinde i\u015flemekteyiz.<\/p><ol><li>Ki\u015fisel Verilerin Toplanma, \u0130\u015flenmesi ve \u0130\u015fleme Ama\u00e7lar\u0131<\/li><\/ol><p>\u0095 \u015eirketimiz ile payla\u015ft\u0131\u011f\u0131n\u0131z ki\u015fisel verileriniz otomatik veya otomatik olmayan y\u00f6ntemlerle, \u015fubeler, formlar, telefonla,sosyal medya veya internet sitelerimiz arac\u0131l\u0131\u011f\u0131yla s\u00f6zl\u00fc, yaz\u0131l\u0131 veya elektronik olarak toplanabilir.<\/p><p>\u0095 Ki\u015fisel verileriniz elektronik veya fiziksel ortamlarda saklanacakt\u0131r. \u015eirketimiz verilerinizi korumaya y\u00f6nelik azami dikkati g\u00f6sterece\u011fini taahh\u00fct etmektedir.<\/p><p>\u0095 Ki\u015fisel verileriniz hasta takibinin yap\u0131lmas\u0131, mali faturalar\u0131n olu\u015fturulmas\u0131 ve insan kayna\u011f\u0131 politikalar\u0131n\u0131n olu\u015fturulmas\u0131 gibi sebeplerle i\u015flenmektedir.<\/p><p>\u0095 Ki\u015fisel verileriniz yasal saklama s\u00fcresince veya b\u00f6yle bir s\u00fcre \u00f6ng\u00f6r\u00fclmemi\u015fse i\u015fleme amac\u0131n\u0131n gerekli k\u0131ld\u0131\u011f\u0131 s\u00fcre boyunca saklanacak ve i\u015flenecektir. Bu s\u00fcre sona erdi\u011finde, ki\u015fisel verileriniz silinme, yok edilme ya da anonimle\u015ftirme y\u00f6ntemleri ile \u015firketimizin veri ak\u0131\u015flar\u0131ndan \u00e7\u0131kar\u0131lacakt\u0131r.<\/p><ol start=\"2\"><li>\u0130\u015flenen Ki\u015fisel Verilerin Kimlere ve Hangi Ama\u00e7la Aktar\u0131laca\u011f\u0131<\/li><\/ol><p>Ki\u015fisel verileriniz;<\/p><p>\u0095 D\u00fczenleyici ve denetleyici kurumlara, ki\u015fisel verilerinizi tabi oldu\u011fu kanunlar\u0131nda a\u00e7\u0131k\u00e7a talep etmeye yetkili olan kamu kurum veya kurulu\u015flara,<\/p><p>\u0095 Vergi ve benzeri dan\u0131\u015fmanlara, yasal takip s\u00fcre\u00e7leri ile ilgili zorunlu ki\u015filere, kurum ve kurulu\u015flara ve denetimciler de d\u00e2hil olmak \u00fczere dan\u0131\u015fmanl\u0131k ald\u0131\u011f\u0131m\u0131z \u00fc\u00e7\u00fcnc\u00fc ki\u015filere ve yurt i\u00e7inde yukar\u0131da belirtilen ama\u00e7larla i\u015f ortaklar\u0131, hizmet al\u0131nan \u00fc\u00e7\u00fcnc\u00fc ki\u015fi, yetkilendirilen ki\u015fi ve kurulu\u015flara aktar\u0131labilecektir.<\/p><p>\u0095 Verileriniz yurtd\u0131\u015f\u0131na aktar\u0131lmamaktad\u0131r.<\/p><ol start=\"3\"><li>Ki\u015fisel Verilerin Depolanmas\u0131<\/li><\/ol><p>Ki\u015fisel verileriniz;<\/p><p>\u0095 Fiziksel olarak ar\u015fivlerimizde,<\/p><p>\u0095 Dijital olarak yaz\u0131l\u0131m, veritaban\u0131 ve sunucular\u0131m\u0131zda bar\u0131nd\u0131r\u0131labilir.<\/p><ol start=\"4\"><li>Ki\u015fisel Veri Sahibinin Haklar\u0131<\/li><\/ol><p>Ki\u015fisel Verileri Koruma Kanunu\u2019nun 11. maddesi uyar\u0131nca, \u015firketimize ba\u015fvurarak, ki\u015fisel verilerinizin;<\/p><p>1.\u0130\u015flenip i\u015flenmedi\u011fini \u00f6\u011frenme,<\/p><p>2.\u0130\u015flenmi\u015fse bilgi talep etme,<\/p><p>3.\u0130\u015flenme amac\u0131n\u0131 ve amac\u0131na uygun kullan\u0131l\u0131p kullan\u0131lmad\u0131\u011f\u0131n\u0131 \u00f6\u011frenme,<\/p><p>4.Yurt i\u00e7inde \/ yurt d\u0131\u015f\u0131nda aktar\u0131ld\u0131\u011f\u0131 3. ki\u015fileri bilme,<\/p><p>5.Eksik \/ yanl\u0131\u015f i\u015flenmi\u015fse d\u00fczeltilmesini isteme,<\/p><p>6.KVKK\u2019n\u0131n 7. maddesinde \u00f6ng\u00f6r\u00fclen \u015fartlar \u00e7er\u00e7evesinde silinmesini \/ yok edilmesini isteme,<\/p><p>7.Aktar\u0131ld\u0131\u011f\u0131 3. ki\u015filere yukar\u0131da say\u0131lan (e) ve (f) bentleri uyar\u0131nca yap\u0131lan i\u015flemlerin bildirilmesini isteme,<\/p><p>8.M\u00fcnhas\u0131ran otomatik sistemler ile analiz edilmesi nedeniyle aleyhinize bir sonucun ortaya \u00e7\u0131kmas\u0131na itiraz etme,<\/p><p>9.Kanuna ayk\u0131r\u0131 olarak i\u015flenmesi sebebiyle zarara u\u011framan\u0131z h\u00e2linde zarar\u0131n giderilmesini talep etme haklar\u0131na sahipsiniz.<\/p><p>Yukar\u0131da belirtilen haklar\u0131n\u0131z\u0131 kullanmak i\u00e7in, kimli\u011finizi tespit edici gerekli bilgiler ile www.alkapen.com.tr \u2019de yer alan \u201cKi\u015fisel Veri Sahibi Ba\u015fvuru Formu\u201d nu bizzat elden teslim edebilir, noter kanal\u0131yla veya Ki\u015fisel Verileri Koruma Kurulu taraf\u0131ndan belirlenen di\u011fer y\u00f6ntemler ile g\u00f6nderebilir veya info@alkapen.com.tr adresine iletebilirsiniz.<\/p>\t\t\t\t\t\t<\/div>\n\t\t\t\t<\/div>\n\t\t\t\t\t<\/div>\n\t\t<\/div>\n\t\t\t\t<div class=\"elementor-column elementor-col-33 elementor-top-column elementor-element elementor-element-460cc78\" data-id=\"460cc78\" data-element_type=\"column\">\n\t\t\t<div class=\"elementor-widget-wrap\">\n\t\t\t\t\t\t\t\t\t<\/div>\n\t\t<\/div>\n\t\t\t\t\t\t\t<\/div>\n\t\t<\/section>\n\t\t\t\t\t\t\t<\/div>\n\t\t","protected":false},"excerpt":{"rendered":"<p>ALKAPEN DO\u011eRAMA \u0130N\u015eAAT SAN.T\u0130C.\u0130TH.\u0130LTD.\u015eT\u0130 olarak ki\u015fisel verilerinizin g\u00fcvenli\u011fi hususuna azami hassasiyet g\u00f6stermekteyiz. Bu bilin\u00e7le, \u015firket olarak, \u015firketimiz ile ili\u015fkili t\u00fcm \u015fah\u0131slara ait her t\u00fcrl\u00fc ki\u015fisel verilerin 6698 say\u0131l\u0131 Ki\u015fisel Verilerin Korunmas\u0131 Kanunu (\u201cKVK Kanunu\u201d)\u2019na uygun olarak i\u015flenerek, muhafaza edilmesine b\u00fcy\u00fck \u00f6nem atfetmekteyiz. Bu sorumlulu\u011fumuzun tam idraki ile KVK Kanunu kapsam\u0131nda tan\u0131ml\u0131 \u201cVeri Sorumlusu\u201d s\u0131fat\u0131yla, ki\u015fisel [&hellip;]<\/p>\n","protected":false},"author":1,"featured_media":0,"parent":0,"menu_order":0,"comment_status":"closed","ping_status":"closed","template":"elementor_header_footer","meta":{"footnotes":""},"class_list":["post-87","page","type-page","status-publish","hentry"],"acf":[],"_links":{"self":[{"href":"https:\/\/alkapen.pikselweb.com.tr\/index.php?rest_route=\/wp\/v2\/pages\/87","targetHints":{"allow":["GET"]}}],"collection":[{"href":"https:\/\/alkapen.pikselweb.com.tr\/index.php?rest_route=\/wp\/v2\/pages"}],"about":[{"href":"https:\/\/alkapen.pikselweb.com.tr\/index.php?rest_route=\/wp\/v2\/types\/page"}],"author":[{"embeddable":true,"href":"https:\/\/alkapen.pikselweb.com.tr\/index.php?rest_route=\/wp\/v2\/users\/1"}],"replies":[{"embeddable":true,"href":"https:\/\/alkapen.pikselweb.com.tr\/index.php?rest_route=%2Fwp%2Fv2%2Fcomments&post=87"}],"version-history":[{"count":8,"href":"https:\/\/alkapen.pikselweb.com.tr\/index.php?rest_route=\/wp\/v2\/pages\/87\/revisions"}],"predecessor-version":[{"id":1045,"href":"https:\/\/alkapen.pikselweb.com.tr\/index.php?rest_route=\/wp\/v2\/pages\/87\/revisions\/1045"}],"wp:attachment":[{"href":"https:\/\/alkapen.pikselweb.com.tr\/index.php?rest_route=%2Fwp%2Fv2%2Fmedia&parent=87"}],"curies":[{"name":"wp","href":"https:\/\/api.w.org\/{rel}","templated":true}]}}