{"id":83,"date":"2023-02-13T07:15:15","date_gmt":"2023-02-13T07:15:15","guid":{"rendered":"https:\/\/themegenix.net\/reland\/?page_id=83"},"modified":"2023-06-13T10:46:06","modified_gmt":"2023-06-13T07:46:06","slug":"contact-us","status":"publish","type":"page","link":"https:\/\/alkapen.pikselweb.com.tr\/?page_id=83","title":{"rendered":"\u0130leti\u015fim"},"content":{"rendered":"\t\t<div data-elementor-type=\"wp-page\" data-elementor-id=\"83\" class=\"elementor elementor-83\" data-elementor-post-type=\"page\">\n\t\t\t\t\t\t\t\t\t<section class=\"elementor-section elementor-top-section elementor-element elementor-element-aa87f04 elementor-section-full_width elementor-section-height-default elementor-section-height-default\" data-id=\"aa87f04\" data-element_type=\"section\">\n\t\t\t\t\t\t\t<div class=\"elementor-background-overlay\"><\/div>\n\t\t\t\t\t\t\t<div class=\"elementor-container elementor-column-gap-no\">\n\t\t\t\t\t<div class=\"elementor-column elementor-col-100 elementor-top-column elementor-element elementor-element-e53f6b7\" data-id=\"e53f6b7\" data-element_type=\"column\">\n\t\t\t<div class=\"elementor-widget-wrap elementor-element-populated\">\n\t\t\t\t\t\t\t\t<div class=\"elementor-element elementor-element-08b4306 elementor-widget elementor-widget-tg-contact\" data-id=\"08b4306\" data-element_type=\"widget\" data-widget_type=\"tg-contact.default\">\n\t\t\t\t<div class=\"elementor-widget-container\">\n\t\t\t\r\n        <!-- contact-info -->\r\n        <section class=\"contact-info\">\r\n            <div class=\"container\">\r\n                <div class=\"row justify-content-center\">\r\n\r\n                                        <div class=\"col-lg-4 col-md-6 col-sm-10\">\r\n                        <div class=\"contact-info-item\">\r\n\r\n                            <span class=\"sub-title\">Adres<\/span>\r\n\r\n                            <h2 class=\"title\">Ya\u011fl\u0131ta\u015f Mahallesi \u0130pek sokak No:116\nMerkez \/ R\u0130ZE<\/h2>\r\n                            <ul class=\"list-wrap\">\r\n\r\n                                <li><a href=\"mailto:info@alkapen.com.tr\">info@alkapen.com.tr<\/a><\/li>\r\n\r\n                                <li><a href=\"tel:+90 464 217 39 34\">+90 464 217 39 34<\/a><\/li>\r\n                            <\/ul>\r\n                        <\/div>\r\n                    <\/div>\r\n                    \r\n                <\/div>\r\n            <\/div>\r\n        <\/section>\r\n        <!-- contact-info-end -->\r\n\r\n    \t\t<\/div>\n\t\t\t\t<\/div>\n\t\t\t\t\t<\/div>\n\t\t<\/div>\n\t\t\t\t\t\t\t<\/div>\n\t\t<\/section>\n\t\t\t\t<section class=\"elementor-section elementor-top-section elementor-element elementor-element-7849a39 elementor-section-boxed elementor-section-height-default elementor-section-height-default\" data-id=\"7849a39\" data-element_type=\"section\">\n\t\t\t\t\t\t<div class=\"elementor-container elementor-column-gap-no\">\n\t\t\t\t\t<div class=\"elementor-column elementor-col-100 elementor-top-column elementor-element elementor-element-c9083bc\" data-id=\"c9083bc\" data-element_type=\"column\">\n\t\t\t<div class=\"elementor-widget-wrap elementor-element-populated\">\n\t\t\t\t\t\t\t\t<div class=\"elementor-element elementor-element-adedce0 elementor-widget elementor-widget-google_maps\" data-id=\"adedce0\" data-element_type=\"widget\" data-widget_type=\"google_maps.default\">\n\t\t\t\t<div class=\"elementor-widget-container\">\n\t\t\t<style>\/*! elementor - v3.16.0 - 17-10-2023 *\/\n.elementor-widget-google_maps .elementor-widget-container{overflow:hidden}.elementor-widget-google_maps .elementor-custom-embed{line-height:0}.elementor-widget-google_maps iframe{height:300px}<\/style>\t\t<div class=\"elementor-custom-embed\">\n\t\t\t<iframe loading=\"lazy\"\n\t\t\t\t\tsrc=\"https:\/\/maps.google.com\/maps?q=Rize%20Alkapen%20Do%C4%9Frama&#038;t=m&#038;z=14&#038;output=embed&#038;iwloc=near\"\n\t\t\t\t\ttitle=\"Rize Alkapen Do\u011frama\"\n\t\t\t\t\taria-label=\"Rize Alkapen Do\u011frama\"\n\t\t\t><\/iframe>\n\t\t<\/div>\n\t\t\t\t<\/div>\n\t\t\t\t<\/div>\n\t\t\t\t\t<\/div>\n\t\t<\/div>\n\t\t\t\t\t\t\t<\/div>\n\t\t<\/section>\n\t\t\t\t\t\t\t<\/div>\n\t\t","protected":false},"excerpt":{"rendered":"<p>Adres Ya\u011fl\u0131ta\u015f Mahallesi \u0130pek sokak No:116 Merkez \/ R\u0130ZE info@alkapen.com.tr +90 464 217 39 34<\/p>\n","protected":false},"author":1,"featured_media":0,"parent":0,"menu_order":0,"comment_status":"closed","ping_status":"closed","template":"elementor_header_footer","meta":{"footnotes":""},"class_list":["post-83","page","type-page","status-publish","hentry"],"acf":[],"_links":{"self":[{"href":"https:\/\/alkapen.pikselweb.com.tr\/index.php?rest_route=\/wp\/v2\/pages\/83","targetHints":{"allow":["GET"]}}],"collection":[{"href":"https:\/\/alkapen.pikselweb.com.tr\/index.php?rest_route=\/wp\/v2\/pages"}],"about":[{"href":"https:\/\/alkapen.pikselweb.com.tr\/index.php?rest_route=\/wp\/v2\/types\/page"}],"author":[{"embeddable":true,"href":"https:\/\/alkapen.pikselweb.com.tr\/index.php?rest_route=\/wp\/v2\/users\/1"}],"replies":[{"embeddable":true,"href":"https:\/\/alkapen.pikselweb.com.tr\/index.php?rest_route=%2Fwp%2Fv2%2Fcomments&post=83"}],"version-history":[{"count":7,"href":"https:\/\/alkapen.pikselweb.com.tr\/index.php?rest_route=\/wp\/v2\/pages\/83\/revisions"}],"predecessor-version":[{"id":895,"href":"https:\/\/alkapen.pikselweb.com.tr\/index.php?rest_route=\/wp\/v2\/pages\/83\/revisions\/895"}],"wp:attachment":[{"href":"https:\/\/alkapen.pikselweb.com.tr\/index.php?rest_route=%2Fwp%2Fv2%2Fmedia&parent=83"}],"curies":[{"name":"wp","href":"https:\/\/api.w.org\/{rel}","templated":true}]}}