{"id":69,"date":"2023-02-13T06:39:59","date_gmt":"2023-02-13T06:39:59","guid":{"rendered":"https:\/\/themegenix.net\/reland\/?page_id=69"},"modified":"2023-10-19T11:23:36","modified_gmt":"2023-10-19T08:23:36","slug":"overview","status":"publish","type":"page","link":"https:\/\/alkapen.pikselweb.com.tr\/?page_id=69","title":{"rendered":"Hakk\u0131m\u0131zda"},"content":{"rendered":"\t\t<div data-elementor-type=\"wp-page\" data-elementor-id=\"69\" class=\"elementor elementor-69\" data-elementor-post-type=\"page\">\n\t\t\t\t\t\t\t\t\t<section class=\"elementor-section elementor-top-section elementor-element elementor-element-2b32191 elementor-section-full_width elementor-section-height-default elementor-section-height-default\" data-id=\"2b32191\" data-element_type=\"section\">\n\t\t\t\t\t\t<div class=\"elementor-container elementor-column-gap-no\">\n\t\t\t\t\t<div class=\"elementor-column elementor-col-100 elementor-top-column elementor-element elementor-element-857a54d\" data-id=\"857a54d\" data-element_type=\"column\">\n\t\t\t<div class=\"elementor-widget-wrap elementor-element-populated\">\n\t\t\t\t\t\t\t\t<div class=\"elementor-element elementor-element-6a54df8 elementor-widget elementor-widget-video\" data-id=\"6a54df8\" data-element_type=\"widget\" data-widget_type=\"video.default\">\n\t\t\t\t<div class=\"elementor-widget-container\">\n\t\t\t<style>\/*! elementor - v3.16.0 - 17-10-2023 *\/\n.elementor-widget-video .elementor-widget-container{overflow:hidden;transform:translateZ(0)}.elementor-widget-video .elementor-wrapper{aspect-ratio:var(--video-aspect-ratio)}.elementor-widget-video .elementor-wrapper iframe,.elementor-widget-video .elementor-wrapper video{height:100%;width:100%;display:flex;border:none;background-color:#000}@supports not (aspect-ratio:1\/1){.elementor-widget-video .elementor-wrapper{position:relative;overflow:hidden;height:0;padding-bottom:calc(100% \/ var(--video-aspect-ratio))}.elementor-widget-video .elementor-wrapper iframe,.elementor-widget-video .elementor-wrapper video{position:absolute;top:0;right:0;bottom:0;left:0}}.elementor-widget-video .elementor-open-inline .elementor-custom-embed-image-overlay{position:absolute;top:0;right:0;bottom:0;left:0;background-size:cover;background-position:50%}.elementor-widget-video .elementor-custom-embed-image-overlay{cursor:pointer;text-align:center}.elementor-widget-video .elementor-custom-embed-image-overlay:hover .elementor-custom-embed-play i{opacity:1}.elementor-widget-video .elementor-custom-embed-image-overlay img{display:block;width:100%;aspect-ratio:var(--video-aspect-ratio);-o-object-fit:cover;object-fit:cover;-o-object-position:center center;object-position:center center}@supports not (aspect-ratio:1\/1){.elementor-widget-video .elementor-custom-embed-image-overlay{position:relative;overflow:hidden;height:0;padding-bottom:calc(100% \/ var(--video-aspect-ratio))}.elementor-widget-video .elementor-custom-embed-image-overlay img{position:absolute;top:0;right:0;bottom:0;left:0}}.elementor-widget-video .e-hosted-video .elementor-video{-o-object-fit:cover;object-fit:cover}.e-con-inner>.elementor-widget-video,.e-con>.elementor-widget-video{width:var(--container-widget-width);--flex-grow:var(--container-widget-flex-grow)}<\/style>\r\n        \r\n            <script>\r\n                jQuery(document).ready(function($){\r\n                    $(\"[data-background]\").each(function () {\r\n                        $(this).css(\"background-image\", \"url(\" + $(this).attr(\"data-background\") + \")\")\r\n                    })\r\n                });\r\n            <\/script>\r\n\r\n            <!-- parallax-img-area -->\r\n            <div class=\"parallax-img parallax-img\" data-background=\"https:\/\/alkapen.pikselweb.com.tr\/wp-content\/uploads\/2023\/06\/homevieobg.jpg\" data-jarallax data-video-src=\"https:\/\/youtu.be\/cQT0PaItlVs?list=TLGGO6pTAA0tM3wxMzA2MjAyMw\"><\/div>\r\n            <!-- parallax-img-area-end -->\r\n\r\n\r\n        \r\n    \t\t<\/div>\n\t\t\t\t<\/div>\n\t\t\t\t\t<\/div>\n\t\t<\/div>\n\t\t\t\t\t\t\t<\/div>\n\t\t<\/section>\n\t\t\t\t<section class=\"elementor-section elementor-top-section elementor-element elementor-element-ff3b188 elementor-section-full_width elementor-section-height-default elementor-section-height-default\" data-id=\"ff3b188\" data-element_type=\"section\">\n\t\t\t\t\t\t<div class=\"elementor-container elementor-column-gap-no\">\n\t\t\t\t\t<div class=\"elementor-column elementor-col-100 elementor-top-column elementor-element elementor-element-c67bee3\" data-id=\"c67bee3\" data-element_type=\"column\">\n\t\t\t<div class=\"elementor-widget-wrap elementor-element-populated\">\n\t\t\t\t\t\t\t\t<div class=\"elementor-element elementor-element-2fcd67a elementor-widget elementor-widget-spacer\" data-id=\"2fcd67a\" data-element_type=\"widget\" data-widget_type=\"spacer.default\">\n\t\t\t\t<div class=\"elementor-widget-container\">\n\t\t\t<style>\/*! elementor - v3.16.0 - 17-10-2023 *\/\n.elementor-column .elementor-spacer-inner{height:var(--spacer-size)}.e-con{--container-widget-width:100%}.e-con-inner>.elementor-widget-spacer,.e-con>.elementor-widget-spacer{width:var(--container-widget-width,var(--spacer-size));--align-self:var(--container-widget-align-self,initial);--flex-shrink:0}.e-con-inner>.elementor-widget-spacer>.elementor-widget-container,.e-con>.elementor-widget-spacer>.elementor-widget-container{height:100%;width:100%}.e-con-inner>.elementor-widget-spacer>.elementor-widget-container>.elementor-spacer,.e-con>.elementor-widget-spacer>.elementor-widget-container>.elementor-spacer{height:100%}.e-con-inner>.elementor-widget-spacer>.elementor-widget-container>.elementor-spacer>.elementor-spacer-inner,.e-con>.elementor-widget-spacer>.elementor-widget-container>.elementor-spacer>.elementor-spacer-inner{height:var(--container-widget-height,var(--spacer-size))}.e-con-inner>.elementor-widget-spacer.elementor-widget-empty,.e-con>.elementor-widget-spacer.elementor-widget-empty{position:relative;min-height:22px;min-width:22px}.e-con-inner>.elementor-widget-spacer.elementor-widget-empty .elementor-widget-empty-icon,.e-con>.elementor-widget-spacer.elementor-widget-empty .elementor-widget-empty-icon{position:absolute;top:0;bottom:0;left:0;right:0;margin:auto;padding:0;width:22px;height:22px}<\/style>\t\t<div class=\"elementor-spacer\">\n\t\t\t<div class=\"elementor-spacer-inner\"><\/div>\n\t\t<\/div>\n\t\t\t\t<\/div>\n\t\t\t\t<\/div>\n\t\t\t\t<div class=\"elementor-element elementor-element-3e3e96a elementor-widget elementor-widget-tg-mission-vision\" data-id=\"3e3e96a\" data-element_type=\"widget\" data-widget_type=\"tg-mission-vision.default\">\n\t\t\t\t<div class=\"elementor-widget-container\">\n\t\t\t\r\n        \r\n            <!-- vision-area -->\r\n            <section class=\"vision-area\">\r\n                <div class=\"container\">\r\n                    <div class=\"row align-items-center\">\r\n\r\n                                                <div class=\"col-lg-6 order-0 order-lg-2\">\r\n                            <div class=\"vision-img text-center\">\r\n                                <img decoding=\"async\" src=\"https:\/\/alkapen.pikselweb.com.tr\/wp-content\/uploads\/2023\/06\/3123.jpg\" alt=\"\">\r\n                            <\/div>\r\n                        <\/div>\r\n                        \r\n                        <div class=\"col-lg-6\">\r\n                            <div class=\"vision-content\">\r\n                                                                <div class=\"section-title mb-35\">\r\n                                                                            <span class=\"sub-title\">B\u0130z Kimiz<\/span>\r\n                                    \r\n                                    <h2 class=\"title\">38 YILLIK AL\u00dcM\u0130NYUM SEKT\u00d6R\u00dcNDE L\u0130DERL\u0130K<\/h2>                                <\/div>\r\n\r\n                                                                    <p>Alkapen. San. Tic. Ltd. \u015eti 1985 y\u0131l\u0131nda Rize\u2019de H\u00fcseyin KO\u00c7 ve Ali Fuat KO\u00c7 taraf\u0131ndan kurulmu\u015ftur. Faaliyetlerine in\u015faat sekt\u00f6r\u00fcne y\u00f6nelik al\u00fcminyum uygulamalar\u0131yla ba\u015flayan firmam\u0131z,1989 y\u0131l\u0131ndan itibaren sekt\u00f6r\u00fcn h\u0131zl\u0131 ve farkl\u0131 geli\u015fmelerini b\u00fcnyesine katarak PVC profil i\u015fleme ve \u00e7ift cam \u00fcretim tesislerini hizmete a\u00e7t\u0131. 1993 y\u0131l\u0131nda ise Ankara\u2019da PVC profil \u00fcretim entegre tesislerini T\u00fcrk sanayisine kazand\u0131rarak sekt\u00f6r\u00fcn \u00f6nc\u00fc firmalar\u0131ndan birisi olmu\u015ftur. Alkapen. San. Tic. Ltd. \u015eti. 1985 y\u0131l\u0131ndan  itibaren yurt i\u00e7inde ve yurt d\u0131\u015f\u0131nda bir\u00e7ok konut, okul, hastane ve al\u0131\u015fveri\u015f merkezi in\u015faat\u0131 projelerini ba\u015far\u0131yla tamamlam\u0131\u015ft\u0131r. G\u00fcn\u00fcm\u00fczde hastane ve al\u0131\u015fveri\u015f merkezi i\u015fletmecili\u011fi ile hizmet sekt\u00f6r\u00fcndeki yerini alm\u0131\u015ft\u0131r. Alkapen. San. Tic. Ltd. \u015eti. kurumsal alt yap\u0131s\u0131ndan ald\u0131\u011f\u0131 destekle \u00f6zg\u00fcn proje ve uygulamalar\u0131n\u0131 hayata ge\u00e7irmeye devam etmektedir.<br>\n\nAlkapen taahh\u00fct firmalar\u0131, resmi kurumlar, \u00f6zel proje ve imalat isteyen herkes i\u00e7in aran\u0131lan ve tavsiye edilen bir i\u015fletme haline gelmi\u015ftir. Al\u00fcminyum ve cephe sekt\u00f6r\u00fcnde g\u00fcvenilir ,kaliteli ve \u00f6d\u00fcn vermeyen projelerde hizmet vermektedir. T\u00fcrkiye,G\u00fcrcistan,Irak,Azerbaycan(Nah\u00e7ivan) \u00fclkelerinde faaliyetlerini yapmaya devam etmektedir .Bug\u00fcn bir \u00e7ok il ve il\u00e7emizde bulunan en g\u00fczel yap\u0131larda Alkapen \u00fcr\u00fcnlerini g\u00f6rebilirsiniz.<br>\n\nAlkapen olarak en b\u00fcy\u00fck iste\u011fimiz \u015fimdiye kadar oldu\u011fu gibi s\u00fcrekli b\u00fcy\u00fcyerek, alkapen kalitesine olan talebe cevap verebilmektir. \u00c7ok daha fazla ihracat yaparak \u00fclkemize daha fazla d\u00f6viz getirebilmektir.<br>\n\nAlkapen firmas\u0131 olarak sa\u011fl\u0131k sekt\u00f6r\u00fc hizmetinde , enerjisi  sekt\u00f6r\u00fc hizmetinde ,in\u015faat sekt\u00f6r\u00fc  ve ta\u015fy\u00fcn\u00fc \u00fcretiminde bulunmaktad\u0131r. Bu alanlarda T\u00fcrkiye ve D\u00fcnya piyasas\u0131na girmi\u015f bulunmaktad\u0131r.<\/p>\r\n                                \r\n                                \r\n                                                                    <img decoding=\"async\" src=\"https:\/\/alkapen.pikselweb.com.tr\/wp-content\/uploads\/2023\/06\/logo-e1686646835189.png\" class=\"sign\" alt=\"\">\r\n                                \r\n                            <\/div>\r\n                        <\/div>\r\n                    <\/div>\r\n                <\/div>\r\n            <\/section>\r\n            <!-- vision-area-end -->\r\n\r\n        \r\n    \t\t<\/div>\n\t\t\t\t<\/div>\n\t\t\t\t\t<\/div>\n\t\t<\/div>\n\t\t\t\t\t\t\t<\/div>\n\t\t<\/section>\n\t\t\t\t<section class=\"elementor-section elementor-top-section elementor-element elementor-element-f9606a7 elementor-section-full_width elementor-section-height-default elementor-section-height-default\" data-id=\"f9606a7\" data-element_type=\"section\">\n\t\t\t\t\t\t<div class=\"elementor-container elementor-column-gap-no\">\n\t\t\t\t\t<div class=\"elementor-column elementor-col-100 elementor-top-column elementor-element elementor-element-3e05ea0\" data-id=\"3e05ea0\" data-element_type=\"column\">\n\t\t\t<div class=\"elementor-widget-wrap\">\n\t\t\t\t\t\t\t\t\t<\/div>\n\t\t<\/div>\n\t\t\t\t\t\t\t<\/div>\n\t\t<\/section>\n\t\t\t\t\t\t\t<\/div>\n\t\t","protected":false},"excerpt":{"rendered":"<p>B\u0130z Kimiz 38 YILLIK AL\u00dcM\u0130NYUM SEKT\u00d6R\u00dcNDE L\u0130DERL\u0130K Alkapen. San. Tic. Ltd. \u015eti 1985 y\u0131l\u0131nda Rize\u2019de H\u00fcseyin KO\u00c7 ve Ali Fuat KO\u00c7 taraf\u0131ndan kurulmu\u015ftur. Faaliyetlerine in\u015faat sekt\u00f6r\u00fcne y\u00f6nelik al\u00fcminyum uygulamalar\u0131yla ba\u015flayan firmam\u0131z,1989 y\u0131l\u0131ndan itibaren sekt\u00f6r\u00fcn h\u0131zl\u0131 ve farkl\u0131 geli\u015fmelerini b\u00fcnyesine katarak PVC profil i\u015fleme ve \u00e7ift cam \u00fcretim tesislerini hizmete a\u00e7t\u0131. 1993 y\u0131l\u0131nda ise Ankara\u2019da PVC [&hellip;]<\/p>\n","protected":false},"author":1,"featured_media":0,"parent":0,"menu_order":0,"comment_status":"closed","ping_status":"closed","template":"elementor_header_footer","meta":{"footnotes":""},"class_list":["post-69","page","type-page","status-publish","hentry"],"acf":[],"_links":{"self":[{"href":"https:\/\/alkapen.pikselweb.com.tr\/index.php?rest_route=\/wp\/v2\/pages\/69","targetHints":{"allow":["GET"]}}],"collection":[{"href":"https:\/\/alkapen.pikselweb.com.tr\/index.php?rest_route=\/wp\/v2\/pages"}],"about":[{"href":"https:\/\/alkapen.pikselweb.com.tr\/index.php?rest_route=\/wp\/v2\/types\/page"}],"author":[{"embeddable":true,"href":"https:\/\/alkapen.pikselweb.com.tr\/index.php?rest_route=\/wp\/v2\/users\/1"}],"replies":[{"embeddable":true,"href":"https:\/\/alkapen.pikselweb.com.tr\/index.php?rest_route=%2Fwp%2Fv2%2Fcomments&post=69"}],"version-history":[{"count":11,"href":"https:\/\/alkapen.pikselweb.com.tr\/index.php?rest_route=\/wp\/v2\/pages\/69\/revisions"}],"predecessor-version":[{"id":1516,"href":"https:\/\/alkapen.pikselweb.com.tr\/index.php?rest_route=\/wp\/v2\/pages\/69\/revisions\/1516"}],"wp:attachment":[{"href":"https:\/\/alkapen.pikselweb.com.tr\/index.php?rest_route=%2Fwp%2Fv2%2Fmedia&parent=69"}],"curies":[{"name":"wp","href":"https:\/\/api.w.org\/{rel}","templated":true}]}}