{"id":49,"date":"2023-02-13T06:30:47","date_gmt":"2023-02-13T06:30:47","guid":{"rendered":"https:\/\/themegenix.net\/reland\/?page_id=49"},"modified":"2023-10-19T11:22:03","modified_gmt":"2023-10-19T08:22:03","slug":"home","status":"publish","type":"page","link":"https:\/\/alkapen.pikselweb.com.tr\/","title":{"rendered":"Home"},"content":{"rendered":"\t\t<div data-elementor-type=\"wp-page\" data-elementor-id=\"49\" class=\"elementor elementor-49\" data-elementor-post-type=\"page\">\n\t\t\t\t\t\t\t\t\t<section class=\"elementor-section elementor-top-section elementor-element elementor-element-508194b elementor-section-full_width elementor-section-height-default elementor-section-height-default\" data-id=\"508194b\" data-element_type=\"section\">\n\t\t\t\t\t\t<div class=\"elementor-container elementor-column-gap-no\">\n\t\t\t\t\t<div class=\"elementor-column elementor-col-100 elementor-top-column elementor-element elementor-element-b5ce974\" data-id=\"b5ce974\" data-element_type=\"column\">\n\t\t\t<div class=\"elementor-widget-wrap elementor-element-populated\">\n\t\t\t\t\t\t\t\t<div class=\"elementor-element elementor-element-0a9c82a elementor-widget elementor-widget-hero-banner\" data-id=\"0a9c82a\" data-element_type=\"widget\" data-widget_type=\"hero-banner.default\">\n\t\t\t\t<div class=\"elementor-widget-container\">\n\t\t\t\r\n\t\t\r\n            <script>\r\n                jQuery(document).ready(function($){\r\n\r\n                    $(window).on('load', function () {\r\n                        mainSlider();\r\n                    });\r\n\r\n                    $(\"[data-background]\").each(function () {\r\n                        $(this).css(\"background-image\", \"url(\" + $(this).attr(\"data-background\") + \")\")\r\n                    });\r\n\r\n                    \/*===========================================\r\n                        =    \t\t Main Slider\t\t      =\r\n                    =============================================*\/\r\n                    function mainSlider() {\r\n                        var BasicSlider = $('.slider-active');\r\n                        BasicSlider.on('init', function (e, slick) {\r\n                            var $firstAnimatingElements = $('.single-slider:first-child').find('[data-animation]');\r\n                            doAnimations($firstAnimatingElements);\r\n                        });\r\n                        BasicSlider.on('beforeChange', function (e, slick, currentSlide, nextSlide) {\r\n                            var $animatingElements = $('.single-slider[data-slick-index=\"' + nextSlide + '\"]').find('[data-animation]');\r\n                            doAnimations($animatingElements);\r\n                        });\r\n                        BasicSlider.slick({\r\n                            autoplay: true,\r\n                            autoplaySpeed: 5000,\r\n                            dots: true,\r\n                            fade: true,\r\n                            rtl: false,\r\n                            arrows: false,\r\n                            responsive: [\r\n                                { breakpoint: 767,\r\n                                    settings: {\r\n                                        dots: false,\r\n                                        arrows: false\r\n                                    }\r\n                                }\r\n                            ]\r\n                        });\r\n\r\n                        function doAnimations(elements) {\r\n                            var animationEndEvents = 'webkitAnimationEnd mozAnimationEnd MSAnimationEnd oanimationend animationend';\r\n                            elements.each(function () {\r\n                                var $this = $(this);\r\n                                var $animationDelay = $this.data('delay');\r\n                                var $animationType = 'animated ' + $this.data('animation');\r\n                                $this.css({\r\n                                    'animation-delay': $animationDelay,\r\n                                    '-webkit-animation-delay': $animationDelay\r\n                                });\r\n                                $this.addClass($animationType).one(animationEndEvents, function () {\r\n                                    $this.removeClass($animationType);\r\n                                });\r\n                            });\r\n                        }\r\n                    };\r\n\r\n                });\r\n            <\/script>\r\n\r\n            <!-- slider-area -->\r\n            <section class=\"slider-area\">\r\n                <div class=\"slider-active\">\r\n\r\n                                        <div class=\"single-slider slider-bg\" data-background=\"https:\/\/alkapen.pikselweb.com.tr\/wp-content\/uploads\/2023\/10\/1-1.jpg\">\r\n                        <div class=\"slider-right-bg\" data-animation=\"tgFadeInRight\" data-delay=\".8s\" data-background=\"https:\/\/alkapen.pikselweb.com.tr\/wp-content\/uploads\/2023\/10\/denizli3-1.jpg\"><\/div>\r\n                        <div class=\"container\">\r\n                            <div class=\"row justify-content-center\">\r\n                                                                <div class=\"col-xl-8\">\r\n                                    <div class=\"banner-content text-center\">\r\n\r\n                                        <h2 class=\"title\" data-animation=\"fadeInUp\" data-delay=\".2s\">1985'ten beri<\/h2>\r\n                                                                                <p data-animation=\"fadeInUp\" data-delay=\".4s\">\r\n                                            \u00dclkemize Katma  De\u011fer \u00dcretiyoruz                                        <\/p>\r\n                                        \r\n                                                                                <a target=\"_self\" rel=\"nofollow\" href=\"https:\/\/alkapen.pikselweb.com.tr\/?page_id=298\" class=\"btn\" data-animation=\"fadeInUp\" data-delay=\".6s\">\r\n                                            <div class=\"btn_m\">\r\n                                                <div class=\"btn_c\">\r\n                                                    <div class=\"btn_t1\">Projelerimize g\u00f6z At\u0131n<\/div>\r\n                                                    <div class=\"btn_t2\">Projelerimize g\u00f6z At\u0131n<\/div>\r\n                                                <\/div>\r\n                                            <\/div>\r\n                                        <\/a>\r\n                                        \r\n                                    <\/div>\r\n                                <\/div>\r\n                                                            <\/div>\r\n                        <\/div>\r\n                    <\/div>\r\n                                    <\/div>\r\n\r\n                                <div class=\"banner-scroll-down\">\r\n                    <a href=\"#about\" class=\"section-link\">\r\n                        <span><\/span>\r\n                        <span><\/span>\r\n                        <span><\/span>\r\n                    <\/a>\r\n                <\/div>\r\n                \r\n            <\/section>\r\n            <!-- slider-area-end -->\r\n\r\n        \r\n    \t\t<\/div>\n\t\t\t\t<\/div>\n\t\t\t\t\t<\/div>\n\t\t<\/div>\n\t\t\t\t\t\t\t<\/div>\n\t\t<\/section>\n\t\t\t\t<section class=\"elementor-section elementor-top-section elementor-element elementor-element-d5a5331 elementor-section-full_width elementor-section-height-default elementor-section-height-default\" data-id=\"d5a5331\" data-element_type=\"section\" id=\"about\">\n\t\t\t\t\t\t<div class=\"elementor-container elementor-column-gap-no\">\n\t\t\t\t\t<div class=\"elementor-column elementor-col-100 elementor-top-column elementor-element elementor-element-b58eb82\" data-id=\"b58eb82\" data-element_type=\"column\">\n\t\t\t<div class=\"elementor-widget-wrap elementor-element-populated\">\n\t\t\t\t\t\t\t\t<div class=\"elementor-element elementor-element-37090cf elementor-widget elementor-widget-about\" data-id=\"37090cf\" data-element_type=\"widget\" data-widget_type=\"about.default\">\n\t\t\t\t<div class=\"elementor-widget-container\">\n\t\t\t\r\n        <!-- about-area -->\r\n        <section class=\"about-area\">\r\n            <div class=\"container\">\r\n                <div class=\"row justify-content-center\">\r\n                    <div class=\"col-xl-8 col-lg-10\">\r\n\r\n                                                <div class=\"section-title text-center mb-35\">\r\n\r\n                                                        <span class=\"sub-title\">Biz Kimiz<\/span>\r\n                            \r\n                            <h2 class=\"title\">38 y\u0131ll\u0131k  al\u00fcminyum sekt\u00f6r\u00fcnde liderlik<\/h2>\r\n                        <\/div>\r\n                        \r\n                        <div class=\"about-content text-center\">\r\n\r\n                                                            <p>Alkapen. San. Tic. Ltd. \u015eti 1985 y\u0131l\u0131nda Rize\u2019de H\u00fcseyin KO\u00c7 ve Ali Fuat KO\u00c7 taraf\u0131ndan kurulmu\u015ftur. Faaliyetlerine in\u015faat sekt\u00f6r\u00fcne y\u00f6nelik al\u00fcminyum uygulamalar\u0131yla ba\u015flayan firmam\u0131z,1989 y\u0131l\u0131ndan itibaren sekt\u00f6r\u00fcn h\u0131zl\u0131 ve farkl\u0131 geli\u015fmelerini b\u00fcnyesine katarak PVC profil i\u015fleme ve \u00e7ift cam \u00fcretim tesislerini hizmete a\u00e7t\u0131. 1993 y\u0131l\u0131nda...<\/p>\r\n                            \r\n                                                        <a href=\"https:\/\/alkapen.pikselweb.com.tr\/?page_id=69\" target=\"_self\" rel=\"nofollow\" class=\"btn transparent-btn\" >\r\n                                <div class=\"btn_m\">\r\n                                    <div class=\"btn_c\">\r\n                                        <div class=\"btn_t1\">Okumaya devam eT<\/div>\r\n                                        <div class=\"btn_t2\">Okumaya devam eT<\/div>\r\n                                    <\/div>\r\n                                <\/div>\r\n                            <\/a>\r\n                            \r\n                        <\/div>\r\n                    <\/div>\r\n                <\/div>\r\n            <\/div>\r\n        <\/section>\r\n        <!-- about-area-end -->\r\n\r\n    \t\t<\/div>\n\t\t\t\t<\/div>\n\t\t\t\t\t<\/div>\n\t\t<\/div>\n\t\t\t\t\t\t\t<\/div>\n\t\t<\/section>\n\t\t\t\t<section class=\"elementor-section elementor-top-section elementor-element elementor-element-1b76d19 elementor-section-full_width elementor-section-height-default elementor-section-height-default\" data-id=\"1b76d19\" data-element_type=\"section\">\n\t\t\t\t\t\t<div class=\"elementor-container elementor-column-gap-default\">\n\t\t\t\t\t<div class=\"elementor-column elementor-col-100 elementor-top-column elementor-element elementor-element-d72081f\" data-id=\"d72081f\" data-element_type=\"column\">\n\t\t\t<div class=\"elementor-widget-wrap elementor-element-populated\">\n\t\t\t\t\t\t\t\t<div class=\"elementor-element elementor-element-c887d70 elementor-widget elementor-widget-tg-project\" data-id=\"c887d70\" data-element_type=\"widget\" data-widget_type=\"tg-project.default\">\n\t\t\t\t<div class=\"elementor-widget-container\">\n\t\t\t\r\n        \r\n\r\n            <!-- project-area -->\r\n            <section class=\"project-area project-style-four\">\r\n                <div class=\"container\">\r\n                    <div class=\"row\">\r\n\r\n                                                <div class=\"col-lg-4\">\r\n                            <div class=\"section-title\">\r\n\r\n                                                                <span class=\"sub-title\">Tamamlanan Projelerimiz<\/span>\r\n                                \r\n                                <h2 class=\"title\">En Son projeleri ke\u015ffedin<\/h2>\r\n                                                                <a href=\"https:\/\/alkapen.pikselweb.com.tr\/?page_id=298\" target=\"_self\" rel=\"nofollow\" class=\"btn transparent-btn\" >\r\n                                    <div class=\"btn_m\">\r\n                                        <div class=\"btn_c\">\r\n                                            <div class=\"btn_t1\">G\u00f6r\u00fcnt\u00fcle<\/div>\r\n                                            <div class=\"btn_t2\">G\u00f6r\u00fcnt\u00fcle<\/div>\r\n                                        <\/div>\r\n                                    <\/div>\r\n                                <\/a>\r\n                                \r\n                            <\/div>\r\n                        <\/div>\r\n                        \r\n                        <div class=\"col-lg-8\">\r\n                            <div class=\"project-item-wrap\">\r\n                                <div class=\"row\">\r\n                                    \r\n                                                                                <div class=\"col-md-6\">\r\n                                            <div class=\"project-item\">\r\n                                                <div class=\"project-thumb\">\r\n                                                    <a href=\"https:\/\/alkapen.pikselweb.com.tr\/?project=new-central-garden\">\r\n                                                        <img loading=\"lazy\" decoding=\"async\" width=\"700\" height=\"520\" src=\"https:\/\/alkapen.pikselweb.com.tr\/wp-content\/uploads\/2023\/03\/kayserisehirbas.jpg\" class=\"img-responsive wp-post-image\" alt=\"\" srcset=\"https:\/\/alkapen.pikselweb.com.tr\/wp-content\/uploads\/2023\/03\/kayserisehirbas.jpg 700w, https:\/\/alkapen.pikselweb.com.tr\/wp-content\/uploads\/2023\/03\/kayserisehirbas-300x223.jpg 300w\" sizes=\"auto, (max-width: 700px) 100vw, 700px\" \/>                                                    <\/a>\r\n                                                <\/div>\r\n                                                <div class=\"project-content\">\r\n                                                    <h3 class=\"title\"><a href=\"https:\/\/alkapen.pikselweb.com.tr\/?project=new-central-garden\">Kayseri \u015eehir Hastanesi<\/a><\/h3>\r\n\r\n                                                                                                            <span>Kayseri<\/span>\r\n                                                                                                    <\/div>\r\n                                            <\/div>\r\n                                        <\/div>\r\n                                        \r\n                                    \r\n                                                                                <div class=\"col-md-6\">\r\n                                            <div class=\"project-item\">\r\n                                                <div class=\"project-thumb\">\r\n                                                    <a href=\"https:\/\/alkapen.pikselweb.com.tr\/?project=erzurum-yurt-binalari\">\r\n                                                        <img loading=\"lazy\" decoding=\"async\" width=\"700\" height=\"520\" src=\"https:\/\/alkapen.pikselweb.com.tr\/wp-content\/uploads\/2023\/06\/yurtbas.jpg\" class=\"img-responsive wp-post-image\" alt=\"\" srcset=\"https:\/\/alkapen.pikselweb.com.tr\/wp-content\/uploads\/2023\/06\/yurtbas.jpg 700w, https:\/\/alkapen.pikselweb.com.tr\/wp-content\/uploads\/2023\/06\/yurtbas-300x223.jpg 300w\" sizes=\"auto, (max-width: 700px) 100vw, 700px\" \/>                                                    <\/a>\r\n                                                <\/div>\r\n                                                <div class=\"project-content\">\r\n                                                    <h3 class=\"title\"><a href=\"https:\/\/alkapen.pikselweb.com.tr\/?project=erzurum-yurt-binalari\">ERZURUM YURT B\u0130NALARI<\/a><\/h3>\r\n\r\n                                                                                                            <span>Erzurum<\/span>\r\n                                                                                                    <\/div>\r\n                                            <\/div>\r\n                                        <\/div>\r\n                                        \r\n                                                                    <\/div>\r\n                            <\/div>\r\n                        <\/div>\r\n                    <\/div>\r\n                <\/div>\r\n            <\/section>\r\n            <!-- project-area-end -->\r\n\r\n\r\n        \r\n\r\n    \t\t<\/div>\n\t\t\t\t<\/div>\n\t\t\t\t\t<\/div>\n\t\t<\/div>\n\t\t\t\t\t\t\t<\/div>\n\t\t<\/section>\n\t\t\t\t<section class=\"elementor-section elementor-top-section elementor-element elementor-element-53eff26 elementor-section-boxed elementor-section-height-default elementor-section-height-default\" data-id=\"53eff26\" data-element_type=\"section\" data-settings=\"{&quot;background_background&quot;:&quot;classic&quot;}\">\n\t\t\t\t\t\t<div class=\"elementor-container elementor-column-gap-default\">\n\t\t\t\t\t<div class=\"elementor-column elementor-col-100 elementor-top-column elementor-element elementor-element-5e54688\" data-id=\"5e54688\" data-element_type=\"column\">\n\t\t\t<div class=\"elementor-widget-wrap elementor-element-populated\">\n\t\t\t\t\t\t\t\t<div class=\"elementor-element elementor-element-6273d80 elementor-widget elementor-widget-brand\" data-id=\"6273d80\" data-element_type=\"widget\" data-widget_type=\"brand.default\">\n\t\t\t\t<div class=\"elementor-widget-container\">\n\t\t\t\r\n        <script>\r\n            jQuery(document).ready(function($){\r\n                \/*===========================================\r\n                    =    \t\tBrand Active\t\t      =\r\n                =============================================*\/\r\n                $('.brand-active').slick({\r\n                    dots: false,\r\n                    infinite: true,\r\n                    speed: 500,\r\n                    autoplay: true,\r\n                    arrows: false,\r\n                    rtl: false,\r\n                    slidesToShow: 6,\r\n                    slidesToScroll: 2,\r\n                    responsive: [\r\n                        {\r\n                            breakpoint: 1200,\r\n                            settings: {\r\n                                slidesToShow: 5,\r\n                                slidesToScroll: 1,\r\n                                infinite: true,\r\n                            }\r\n                        },\r\n                        {\r\n                            breakpoint: 992,\r\n                            settings: {\r\n                                slidesToShow: 4,\r\n                                slidesToScroll: 1\r\n                            }\r\n                        },\r\n                        {\r\n                            breakpoint: 767,\r\n                            settings: {\r\n                                slidesToShow: 3,\r\n                                slidesToScroll: 1,\r\n                                arrows: false,\r\n                            }\r\n                        },\r\n                        {\r\n                            breakpoint: 575,\r\n                            settings: {\r\n                                slidesToShow: 2,\r\n                                slidesToScroll: 1,\r\n                                arrows: false,\r\n                            }\r\n                        },\r\n                    ]\r\n                });\r\n            });\r\n        <\/script>\r\n\r\n        <!-- brand-area -->\r\n        <div class=\"brand-area\">\r\n            <div class=\"container\">\r\n                <div class=\"row\">\r\n                    <div class=\"col-12\">\r\n                                            <\/div>\r\n                <\/div>\r\n                <div class=\"row brand-active\">\r\n                                        <div class=\"col-12\">\r\n                        <div class=\"brand-item\">\r\n                                                            <a href=\"#\"><img decoding=\"async\" src=\"https:\/\/alkapen.pikselweb.com.tr\/wp-content\/uploads\/2023\/06\/3234.png\" alt=\"\"><\/a>\r\n                                                    <\/div>\r\n                    <\/div>\r\n                                        <div class=\"col-12\">\r\n                        <div class=\"brand-item\">\r\n                                                            <a href=\"#\"><img decoding=\"async\" src=\"https:\/\/alkapen.pikselweb.com.tr\/wp-content\/uploads\/2023\/06\/kyk-e1686655573647.png\" alt=\"\"><\/a>\r\n                                                    <\/div>\r\n                    <\/div>\r\n                                        <div class=\"col-12\">\r\n                        <div class=\"brand-item\">\r\n                                                            <a href=\"#\"><img decoding=\"async\" src=\"https:\/\/alkapen.pikselweb.com.tr\/wp-content\/uploads\/2023\/06\/Basliksiz-2.png\" alt=\"\"><\/a>\r\n                                                    <\/div>\r\n                    <\/div>\r\n                                        <div class=\"col-12\">\r\n                        <div class=\"brand-item\">\r\n                                                            <a href=\"#\"><img decoding=\"async\" src=\"https:\/\/alkapen.pikselweb.com.tr\/wp-content\/uploads\/2023\/06\/gmuni-e1686655666216.png\" alt=\"\"><\/a>\r\n                                                    <\/div>\r\n                    <\/div>\r\n                                        <div class=\"col-12\">\r\n                        <div class=\"brand-item\">\r\n                                                            <a href=\"#\"><img decoding=\"async\" src=\"https:\/\/alkapen.pikselweb.com.tr\/wp-content\/uploads\/2023\/06\/tt.png\" alt=\"\"><\/a>\r\n                                                    <\/div>\r\n                    <\/div>\r\n                                        <div class=\"col-12\">\r\n                        <div class=\"brand-item\">\r\n                                                            <a href=\"#\"><img decoding=\"async\" src=\"https:\/\/alkapen.pikselweb.com.tr\/wp-content\/uploads\/2023\/06\/gmshne-e1686655596177.png\" alt=\"\"><\/a>\r\n                                                    <\/div>\r\n                    <\/div>\r\n                                        <div class=\"col-12\">\r\n                        <div class=\"brand-item\">\r\n                                                            <a href=\"#\"><img decoding=\"async\" src=\"https:\/\/alkapen.pikselweb.com.tr\/wp-content\/uploads\/2023\/06\/denzli-e1686655425386.png\" alt=\"\"><\/a>\r\n                                                    <\/div>\r\n                    <\/div>\r\n                                    <\/div>\r\n            <\/div>\r\n        <\/div>\r\n        <!-- brand-area-end -->\r\n\r\n\t\t\t<\/div>\n\t\t\t\t<\/div>\n\t\t\t\t\t<\/div>\n\t\t<\/div>\n\t\t\t\t\t\t\t<\/div>\n\t\t<\/section>\n\t\t\t\t\t\t\t<\/div>\n\t\t","protected":false},"excerpt":{"rendered":"<p>1985&#8217;ten beri \u00dclkemize Katma De\u011fer \u00dcretiyoruz Projelerimize g\u00f6z At\u0131n Projelerimize g\u00f6z At\u0131n Biz Kimiz 38 y\u0131ll\u0131k al\u00fcminyum sekt\u00f6r\u00fcnde liderlik Alkapen. San. Tic. Ltd. \u015eti 1985 y\u0131l\u0131nda Rize\u2019de H\u00fcseyin KO\u00c7 ve Ali Fuat KO\u00c7 taraf\u0131ndan kurulmu\u015ftur. Faaliyetlerine in\u015faat sekt\u00f6r\u00fcne y\u00f6nelik al\u00fcminyum uygulamalar\u0131yla ba\u015flayan firmam\u0131z,1989 y\u0131l\u0131ndan itibaren sekt\u00f6r\u00fcn h\u0131zl\u0131 ve farkl\u0131 geli\u015fmelerini b\u00fcnyesine katarak PVC profil i\u015fleme [&hellip;]<\/p>\n","protected":false},"author":1,"featured_media":0,"parent":0,"menu_order":0,"comment_status":"closed","ping_status":"closed","template":"elementor_header_footer","meta":{"footnotes":""},"class_list":["post-49","page","type-page","status-publish","hentry"],"acf":[],"_links":{"self":[{"href":"https:\/\/alkapen.pikselweb.com.tr\/index.php?rest_route=\/wp\/v2\/pages\/49","targetHints":{"allow":["GET"]}}],"collection":[{"href":"https:\/\/alkapen.pikselweb.com.tr\/index.php?rest_route=\/wp\/v2\/pages"}],"about":[{"href":"https:\/\/alkapen.pikselweb.com.tr\/index.php?rest_route=\/wp\/v2\/types\/page"}],"author":[{"embeddable":true,"href":"https:\/\/alkapen.pikselweb.com.tr\/index.php?rest_route=\/wp\/v2\/users\/1"}],"replies":[{"embeddable":true,"href":"https:\/\/alkapen.pikselweb.com.tr\/index.php?rest_route=%2Fwp%2Fv2%2Fcomments&post=49"}],"version-history":[{"count":25,"href":"https:\/\/alkapen.pikselweb.com.tr\/index.php?rest_route=\/wp\/v2\/pages\/49\/revisions"}],"predecessor-version":[{"id":1513,"href":"https:\/\/alkapen.pikselweb.com.tr\/index.php?rest_route=\/wp\/v2\/pages\/49\/revisions\/1513"}],"wp:attachment":[{"href":"https:\/\/alkapen.pikselweb.com.tr\/index.php?rest_route=%2Fwp%2Fv2%2Fmedia&parent=49"}],"curies":[{"name":"wp","href":"https:\/\/api.w.org\/{rel}","templated":true}]}}