{"id":298,"date":"2023-03-03T12:17:47","date_gmt":"2023-03-03T12:17:47","guid":{"rendered":"https:\/\/themegenix.net\/reland\/?page_id=298"},"modified":"2023-10-19T09:57:32","modified_gmt":"2023-10-19T06:57:32","slug":"projects","status":"publish","type":"page","link":"https:\/\/alkapen.pikselweb.com.tr\/?page_id=298","title":{"rendered":"Projelerimiz"},"content":{"rendered":"\t\t<div data-elementor-type=\"wp-page\" data-elementor-id=\"298\" class=\"elementor elementor-298\" data-elementor-post-type=\"page\">\n\t\t\t\t\t\t\t\t\t<section class=\"elementor-section elementor-top-section elementor-element elementor-element-806e7b8 elementor-section-full_width elementor-section-height-default elementor-section-height-default\" data-id=\"806e7b8\" data-element_type=\"section\">\n\t\t\t\t\t\t<div class=\"elementor-container elementor-column-gap-no\">\n\t\t\t\t\t<div class=\"elementor-column elementor-col-100 elementor-top-column elementor-element elementor-element-4af9b40\" data-id=\"4af9b40\" data-element_type=\"column\">\n\t\t\t<div class=\"elementor-widget-wrap elementor-element-populated\">\n\t\t\t\t\t\t\t\t<div class=\"elementor-element elementor-element-acc1e82 elementor-widget elementor-widget-project-grid\" data-id=\"acc1e82\" data-element_type=\"widget\" data-widget_type=\"project-grid.default\">\n\t\t\t\t<div class=\"elementor-widget-container\">\n\t\t\t\r\n        <!-- project-area -->\r\n        <section class=\"inner-project-area\">\r\n            <div class=\"container\">\r\n                                <div class=\"project-top-meta mb-50\">\r\n                    <form action=\"#\">\r\n                        <div class=\"row\">\r\n                            <div class=\"col-xl-4\">\r\n                                <div class=\"form-grp\">\r\n                                    <input type=\"text\" placeholder=\"Proje Ad\u0131n\u0131 veya Konumunu Giriniz\" id=\"project-search\">\r\n                                    <button type=\"submit\"><i class=\"fas fa-search\"><\/i><\/button>\r\n                                <\/div>\r\n                            <\/div>\r\n                            <div class=\"col-xl-8\">\r\n                                <div class=\"row\">\r\n                                    <div class=\"col-md-4\">\r\n                                        <div class=\"form-grp select\">\r\n                                            <select id=\"project-status\" name=\"select\" class=\"form-select\" aria-label=\"Default select example\">\r\n                                                <option value=\"\">Proje Durumu<\/option>\r\n                                                                                                    <option value=\"devam-eden-projeler\">Devam Eden Projeler<\/option>\r\n                                                                                                    <option value=\"tamamlanan-projeler\">Tamamlanan Projeler<\/option>\r\n                                                                                            <\/select>\r\n                                        <\/div>\r\n                                    <\/div>\r\n                                    <div class=\"col-md-4\">\r\n                                        <div class=\"form-grp select\">\r\n                                            <select id=\"project-type\" name=\"select\" class=\"form-select\" aria-label=\"Default select example\">\r\n                                                <option value=\"\">Proje T\u00fcr\u00fc<\/option>\r\n                                                                                                    <option value=\"bina-konut\">Bina, Konut<\/option>\r\n                                                                                                    <option value=\"hastane\">Hastane<\/option>\r\n                                                                                                    <option value=\"rezidans\">Rezidans<\/option>\r\n                                                                                                    <option value=\"sosyal-tesis\">Sosyal Tesis<\/option>\r\n                                                                                                    <option value=\"universite\">\u00dcniversite<\/option>\r\n                                                                                                    <option value=\"yurt\">Yurt<\/option>\r\n                                                                                            <\/select>\r\n                                        <\/div>\r\n                                    <\/div>\r\n                                    <div class=\"col-md-4\">\r\n                                        <div class=\"form-grp select\">\r\n                                            <select id=\"project-location\" name=\"select\" class=\"form-select\" aria-label=\"Default select example\">\r\n                                                <option value=\"\">Proje Konumu<\/option>\r\n                                                                                                    <option value=\"adiyaman\">Ad\u0131yaman<\/option>\r\n                                                                                                    <option value=\"afyonkarahisar\">Afyonkarahisar<\/option>\r\n                                                                                                    <option value=\"ankara\">Ankara<\/option>\r\n                                                                                                    <option value=\"batum\">Batum<\/option>\r\n                                                                                                    <option value=\"denizli\">Denizli<\/option>\r\n                                                                                                    <option value=\"erzurum\">Erzurum<\/option>\r\n                                                                                                    <option value=\"gumushane\">G\u00fcm\u00fc\u015fhane<\/option>\r\n                                                                                                    <option value=\"istanbul\">\u0130stanbul<\/option>\r\n                                                                                                    <option value=\"kayseri\">Kayseri<\/option>\r\n                                                                                                    <option value=\"malatya\">Malatya<\/option>\r\n                                                                                                    <option value=\"mus\">Mu\u015f<\/option>\r\n                                                                                                    <option value=\"rize\">Rize<\/option>\r\n                                                                                                    <option value=\"samsun\">Samsun<\/option>\r\n                                                                                                    <option value=\"trabzon\">Trabzon<\/option>\r\n                                                                                                    <option value=\"yalova\">Yalova<\/option>\r\n                                                                                            <\/select>\r\n                                        <\/div>\r\n                                    <\/div>\r\n                                <\/div>\r\n                            <\/div>\r\n                        <\/div>\r\n                    <\/form>\r\n                <\/div>\r\n                \r\n                <div class=\"project-item-wrap\">\r\n                    <div class=\"row\">\r\n                                                    <div class=\"col-lg-4 col-md-6\">\r\n                                <div class=\"project-item\">\r\n                                    <div class=\"project-thumb\">\r\n                                        <a href=\"https:\/\/alkapen.pikselweb.com.tr\/?project=yalova-saglik-kompleksi\">\r\n                                            <img loading=\"lazy\" decoding=\"async\" width=\"700\" height=\"520\" src=\"https:\/\/alkapen.pikselweb.com.tr\/wp-content\/uploads\/2023\/10\/yskana-1.jpg\" class=\"img-responsive wp-post-image\" alt=\"\" srcset=\"https:\/\/alkapen.pikselweb.com.tr\/wp-content\/uploads\/2023\/10\/yskana-1.jpg 700w, https:\/\/alkapen.pikselweb.com.tr\/wp-content\/uploads\/2023\/10\/yskana-1-300x223.jpg 300w\" sizes=\"auto, (max-width: 700px) 100vw, 700px\" \/>                                        <\/a>\r\n                                    <\/div>\r\n                                    <div class=\"project-content\">\r\n                                        <h3 class=\"title\"><a href=\"https:\/\/alkapen.pikselweb.com.tr\/?project=yalova-saglik-kompleksi\">YALOVA SA\u011eLIK KOMPLEKS\u0130<\/a><\/h3>\r\n\r\n                                                                                    <span>Yalova<\/span>\r\n                                        \r\n                                    <\/div>\r\n                                <\/div>\r\n                            <\/div>\r\n\r\n                                                    <div class=\"col-lg-4 col-md-6\">\r\n                                <div class=\"project-item\">\r\n                                    <div class=\"project-thumb\">\r\n                                        <a href=\"https:\/\/alkapen.pikselweb.com.tr\/?project=trabzon-120-yatakli-imperial-hastanesi\">\r\n                                            <img loading=\"lazy\" decoding=\"async\" width=\"700\" height=\"520\" src=\"https:\/\/alkapen.pikselweb.com.tr\/wp-content\/uploads\/2023\/10\/trabzonimpana-1.jpg\" class=\"img-responsive wp-post-image\" alt=\"\" srcset=\"https:\/\/alkapen.pikselweb.com.tr\/wp-content\/uploads\/2023\/10\/trabzonimpana-1.jpg 700w, https:\/\/alkapen.pikselweb.com.tr\/wp-content\/uploads\/2023\/10\/trabzonimpana-1-300x223.jpg 300w\" sizes=\"auto, (max-width: 700px) 100vw, 700px\" \/>                                        <\/a>\r\n                                    <\/div>\r\n                                    <div class=\"project-content\">\r\n                                        <h3 class=\"title\"><a href=\"https:\/\/alkapen.pikselweb.com.tr\/?project=trabzon-120-yatakli-imperial-hastanesi\">TRABZON 120 YATAKLI \u0130MPER\u0130AL HASTANES\u0130<\/a><\/h3>\r\n\r\n                                                                                    <span>Trabzon <\/span>\r\n                                        \r\n                                    <\/div>\r\n                                <\/div>\r\n                            <\/div>\r\n\r\n                                                    <div class=\"col-lg-4 col-md-6\">\r\n                                <div class=\"project-item\">\r\n                                    <div class=\"project-thumb\">\r\n                                        <a href=\"https:\/\/alkapen.pikselweb.com.tr\/?project=sofa-loca\">\r\n                                            <img loading=\"lazy\" decoding=\"async\" width=\"700\" height=\"520\" src=\"https:\/\/alkapen.pikselweb.com.tr\/wp-content\/uploads\/2023\/10\/sofalocaana-1.jpg\" class=\"img-responsive wp-post-image\" alt=\"\" srcset=\"https:\/\/alkapen.pikselweb.com.tr\/wp-content\/uploads\/2023\/10\/sofalocaana-1.jpg 700w, https:\/\/alkapen.pikselweb.com.tr\/wp-content\/uploads\/2023\/10\/sofalocaana-1-300x223.jpg 300w\" sizes=\"auto, (max-width: 700px) 100vw, 700px\" \/>                                        <\/a>\r\n                                    <\/div>\r\n                                    <div class=\"project-content\">\r\n                                        <h3 class=\"title\"><a href=\"https:\/\/alkapen.pikselweb.com.tr\/?project=sofa-loca\">SOFA LOCA<\/a><\/h3>\r\n\r\n                                                                                    <span>Ankara<\/span>\r\n                                        \r\n                                    <\/div>\r\n                                <\/div>\r\n                            <\/div>\r\n\r\n                                                    <div class=\"col-lg-4 col-md-6\">\r\n                                <div class=\"project-item\">\r\n                                    <div class=\"project-thumb\">\r\n                                        <a href=\"https:\/\/alkapen.pikselweb.com.tr\/?project=sariyer-hamidiye-etfal-egitim-ve-arastirma-hastanesi\">\r\n                                            <img loading=\"lazy\" decoding=\"async\" width=\"700\" height=\"520\" src=\"https:\/\/alkapen.pikselweb.com.tr\/wp-content\/uploads\/2023\/10\/ansheqp-1.jpg\" class=\"img-responsive wp-post-image\" alt=\"\" srcset=\"https:\/\/alkapen.pikselweb.com.tr\/wp-content\/uploads\/2023\/10\/ansheqp-1.jpg 700w, https:\/\/alkapen.pikselweb.com.tr\/wp-content\/uploads\/2023\/10\/ansheqp-1-300x223.jpg 300w\" sizes=\"auto, (max-width: 700px) 100vw, 700px\" \/>                                        <\/a>\r\n                                    <\/div>\r\n                                    <div class=\"project-content\">\r\n                                        <h3 class=\"title\"><a href=\"https:\/\/alkapen.pikselweb.com.tr\/?project=sariyer-hamidiye-etfal-egitim-ve-arastirma-hastanesi\">SARIYER HAM\u0130D\u0130YE ETFAL E\u011e\u0130T\u0130M VE ARA\u015eTIRMA HASTANES\u0130<\/a><\/h3>\r\n\r\n                                                                                    <span>\u0130stanbul<\/span>\r\n                                        \r\n                                    <\/div>\r\n                                <\/div>\r\n                            <\/div>\r\n\r\n                                                    <div class=\"col-lg-4 col-md-6\">\r\n                                <div class=\"project-item\">\r\n                                    <div class=\"project-thumb\">\r\n                                        <a href=\"https:\/\/alkapen.pikselweb.com.tr\/?project=samsun-400-yatakli-egitim-ve-arastirma-hastanesi\">\r\n                                            <img loading=\"lazy\" decoding=\"async\" width=\"700\" height=\"520\" src=\"https:\/\/alkapen.pikselweb.com.tr\/wp-content\/uploads\/2023\/10\/samsunana-1.jpg\" class=\"img-responsive wp-post-image\" alt=\"\" srcset=\"https:\/\/alkapen.pikselweb.com.tr\/wp-content\/uploads\/2023\/10\/samsunana-1.jpg 700w, https:\/\/alkapen.pikselweb.com.tr\/wp-content\/uploads\/2023\/10\/samsunana-1-300x223.jpg 300w\" sizes=\"auto, (max-width: 700px) 100vw, 700px\" \/>                                        <\/a>\r\n                                    <\/div>\r\n                                    <div class=\"project-content\">\r\n                                        <h3 class=\"title\"><a href=\"https:\/\/alkapen.pikselweb.com.tr\/?project=samsun-400-yatakli-egitim-ve-arastirma-hastanesi\">SAMSUN 400 YATAKLI E\u011e\u0130T\u0130M VE ARA\u015eTIRMA HASTANES\u0130<\/a><\/h3>\r\n\r\n                                                                                    <span>Samsun<\/span>\r\n                                        \r\n                                    <\/div>\r\n                                <\/div>\r\n                            <\/div>\r\n\r\n                                                    <div class=\"col-lg-4 col-md-6\">\r\n                                <div class=\"project-item\">\r\n                                    <div class=\"project-thumb\">\r\n                                        <a href=\"https:\/\/alkapen.pikselweb.com.tr\/?project=rize-saban-cengiz-egitim-kampusu\">\r\n                                            <img loading=\"lazy\" decoding=\"async\" width=\"700\" height=\"520\" src=\"https:\/\/alkapen.pikselweb.com.tr\/wp-content\/uploads\/2023\/10\/rizeana-1.jpg\" class=\"img-responsive wp-post-image\" alt=\"\" srcset=\"https:\/\/alkapen.pikselweb.com.tr\/wp-content\/uploads\/2023\/10\/rizeana-1.jpg 700w, https:\/\/alkapen.pikselweb.com.tr\/wp-content\/uploads\/2023\/10\/rizeana-1-300x223.jpg 300w\" sizes=\"auto, (max-width: 700px) 100vw, 700px\" \/>                                        <\/a>\r\n                                    <\/div>\r\n                                    <div class=\"project-content\">\r\n                                        <h3 class=\"title\"><a href=\"https:\/\/alkapen.pikselweb.com.tr\/?project=rize-saban-cengiz-egitim-kampusu\">RIZE \u015eABAN \u00c7ENG\u0130Z E\u011e\u0130T\u0130M KAMP\u00dcS\u00dc<\/a><\/h3>\r\n\r\n                                                                                    <span>Rize<\/span>\r\n                                        \r\n                                    <\/div>\r\n                                <\/div>\r\n                            <\/div>\r\n\r\n                        \r\n                    <\/div>\r\n                <\/div>\r\n\r\n                <div class=\"pagination-wrap\">\r\n                    <nav class=\"project-pagination\" aria-label=\"Page navigation example\">\r\n                        <span aria-current=\"page\" class=\"page-numbers current\">1<\/span>\n<a class=\"page-numbers\" href=\"https:\/\/alkapen.pikselweb.com.tr\/index.php?rest_route=%2Fwp%2Fv2%2Fpages%2F298page\/2\">2<\/a>\n<a class=\"page-numbers\" href=\"https:\/\/alkapen.pikselweb.com.tr\/index.php?rest_route=%2Fwp%2Fv2%2Fpages%2F298page\/3\">3<\/a>\n<span class=\"page-numbers dots\">&hellip;<\/span>\n<a class=\"page-numbers\" href=\"https:\/\/alkapen.pikselweb.com.tr\/index.php?rest_route=%2Fwp%2Fv2%2Fpages%2F298page\/5\">5<\/a>\n<a class=\"next page-numbers\" href=\"https:\/\/alkapen.pikselweb.com.tr\/index.php?rest_route=%2Fwp%2Fv2%2Fpages%2F298page\/2\"><i class=\"fas fa-angle-double-right\"><\/i><\/a>                    <\/nav>\r\n                <\/div>\r\n\r\n            <\/div>\r\n        <\/section>\r\n        <!-- project-area-end -->\r\n\r\n    \t\t<\/div>\n\t\t\t\t<\/div>\n\t\t\t\t\t<\/div>\n\t\t<\/div>\n\t\t\t\t\t\t\t<\/div>\n\t\t<\/section>\n\t\t\t\t\t\t\t<\/div>\n\t\t","protected":false},"excerpt":{"rendered":"<p>Proje DurumuCompletedPendingUnder Work Proje T\u00fcr\u00fcApartmentCommercialCommunityReady Flat Proje KonumuBala CynwydHelna NnwydMontanaNew York CityPasadenaSanta MonicaSouth CarolinaUnited Arab Emirates ERZURUM YURT B\u0130NALARI Erzurum \u015e\u0130RAN DEVLET HASTANES\u0130 G\u00fcm\u00fc\u015fhane Kayseri \u015eehir Hastanesi Kayseri MU\u015e DEVLET HASTANES\u0130 Mu\u015f<\/p>\n","protected":false},"author":1,"featured_media":0,"parent":0,"menu_order":0,"comment_status":"closed","ping_status":"closed","template":"elementor_header_footer","meta":{"footnotes":""},"class_list":["post-298","page","type-page","status-publish","hentry"],"acf":[],"_links":{"self":[{"href":"https:\/\/alkapen.pikselweb.com.tr\/index.php?rest_route=\/wp\/v2\/pages\/298","targetHints":{"allow":["GET"]}}],"collection":[{"href":"https:\/\/alkapen.pikselweb.com.tr\/index.php?rest_route=\/wp\/v2\/pages"}],"about":[{"href":"https:\/\/alkapen.pikselweb.com.tr\/index.php?rest_route=\/wp\/v2\/types\/page"}],"author":[{"embeddable":true,"href":"https:\/\/alkapen.pikselweb.com.tr\/index.php?rest_route=\/wp\/v2\/users\/1"}],"replies":[{"embeddable":true,"href":"https:\/\/alkapen.pikselweb.com.tr\/index.php?rest_route=%2Fwp%2Fv2%2Fcomments&post=298"}],"version-history":[{"count":10,"href":"https:\/\/alkapen.pikselweb.com.tr\/index.php?rest_route=\/wp\/v2\/pages\/298\/revisions"}],"predecessor-version":[{"id":1168,"href":"https:\/\/alkapen.pikselweb.com.tr\/index.php?rest_route=\/wp\/v2\/pages\/298\/revisions\/1168"}],"wp:attachment":[{"href":"https:\/\/alkapen.pikselweb.com.tr\/index.php?rest_route=%2Fwp%2Fv2%2Fmedia&parent=298"}],"curies":[{"name":"wp","href":"https:\/\/api.w.org\/{rel}","templated":true}]}}